{"id":6704,"date":"2024-03-16T15:57:45","date_gmt":"2024-03-16T15:57:45","guid":{"rendered":"https:\/\/zenonreve.com\/?page_id=6704"},"modified":"2026-03-29T11:39:28","modified_gmt":"2026-03-29T11:39:28","slug":"nouvelles-pulsions-indiennes","status":"publish","type":"page","link":"https:\/\/zenonreve.com\/index.php\/nouvelles-pulsions-indiennes\/","title":{"rendered":"Nouvelles pulsions indiennes"},"content":{"rendered":"\n<div class=\"wp-block-columns is-not-stacked-on-mobile is-layout-flex wp-container-core-columns-is-layout-9d6595d7 wp-block-columns-is-layout-flex\">\n<div class=\"wp-block-column is-vertically-aligned-center is-layout-flow wp-block-column-is-layout-flow\" style=\"flex-basis:80px\"><div class=\"wp-block-image\">\n<figure class=\"alignleft size-full is-resized\"><a href=\"https:\/\/zenonreve.com\/index.php\/nouvelles-pulsions-indiennes\/\"><img data-opt-id=1020043590  fetchpriority=\"high\" decoding=\"async\" width=\"200\" height=\"133\" src=\"https:\/\/mlim14dgkyzt.i.optimole.com\/cb:Wkot.3b052\/w:auto\/h:auto\/q:mauto\/f:best\/https:\/\/zenonreve.com\/wp-content\/uploads\/2026\/02\/fr-2.png\" alt=\"Drapeau fran\u00e7ais\" class=\"wp-image-9304\" style=\"object-fit:cover;width:40px;height:20px\" srcset=\"https:\/\/mlim14dgkyzt.i.optimole.com\/cb:Wkot.3b052\/w:200\/h:133\/q:mauto\/f:best\/https:\/\/zenonreve.com\/wp-content\/uploads\/2026\/02\/fr-2.png 200w, https:\/\/mlim14dgkyzt.i.optimole.com\/cb:Wkot.3b052\/w:96\/h:64\/q:mauto\/f:best\/https:\/\/zenonreve.com\/wp-content\/uploads\/2026\/02\/fr-2.png 96w, https:\/\/mlim14dgkyzt.i.optimole.com\/cb:Wkot.3b052\/w:192\/h:128\/q:mauto\/f:best\/https:\/\/zenonreve.com\/wp-content\/uploads\/2026\/02\/fr-2.png 192w, https:\/\/mlim14dgkyzt.i.optimole.com\/cb:Wkot.3b052\/w:200\/h:133\/q:mauto\/f:best\/dpr:2\/https:\/\/zenonreve.com\/wp-content\/uploads\/2026\/02\/fr-2.png 2x\" sizes=\"(max-width: 200px) 100vw, 200px\" \/><\/a><\/figure>\n<\/div><\/div>\n\n\n\n<div class=\"wp-block-column is-vertically-aligned-center is-layout-flow wp-block-column-is-layout-flow\" style=\"flex-basis:300px\"><div class=\"wp-block-image\">\n<figure class=\"alignleft size-full is-resized\"><img data-opt-id=825434463  fetchpriority=\"high\" decoding=\"async\" width=\"700\" height=\"83\" src=\"https:\/\/mlim14dgkyzt.i.optimole.com\/cb:Wkot.3b052\/w:auto\/h:auto\/q:mauto\/f:best\/https:\/\/zenonreve.com\/wp-content\/uploads\/2026\/02\/ZEN-ON-REVE-site-ligne-700px-1.png\" alt=\"Zenonreve\" class=\"wp-image-9302\" style=\"width:250px\" srcset=\"https:\/\/mlim14dgkyzt.i.optimole.com\/cb:Wkot.3b052\/w:700\/h:83\/q:mauto\/f:best\/https:\/\/zenonreve.com\/wp-content\/uploads\/2026\/02\/ZEN-ON-REVE-site-ligne-700px-1.png 700w, https:\/\/mlim14dgkyzt.i.optimole.com\/cb:Wkot.3b052\/w:100\/h:12\/q:mauto\/f:best\/https:\/\/zenonreve.com\/wp-content\/uploads\/2026\/02\/ZEN-ON-REVE-site-ligne-700px-1.png 100w, https:\/\/mlim14dgkyzt.i.optimole.com\/cb:Wkot.3b052\/w:200\/h:24\/q:mauto\/f:best\/https:\/\/zenonreve.com\/wp-content\/uploads\/2026\/02\/ZEN-ON-REVE-site-ligne-700px-1.png 200w, https:\/\/mlim14dgkyzt.i.optimole.com\/cb:Wkot.3b052\/w:700\/h:83\/q:mauto\/f:best\/dpr:2\/https:\/\/zenonreve.com\/wp-content\/uploads\/2026\/02\/ZEN-ON-REVE-site-ligne-700px-1.png 2x\" sizes=\"(max-width: 700px) 100vw, 700px\" \/><\/figure>\n<\/div><\/div>\n\n\n\n<div class=\"wp-block-column is-vertically-aligned-center is-layout-flow wp-block-column-is-layout-flow\" style=\"flex-basis:80px\"><div class=\"wp-block-image\">\n<figure class=\"alignleft size-full is-resized\"><a href=\"https:\/\/zenonreve.com\/index.php\/new-indian-pulsions\/\"><img data-opt-id=1211117396  fetchpriority=\"high\" decoding=\"async\" width=\"200\" height=\"133\" src=\"https:\/\/mlim14dgkyzt.i.optimole.com\/cb:Wkot.3b052\/w:auto\/h:auto\/q:mauto\/f:best\/https:\/\/zenonreve.com\/wp-content\/uploads\/2026\/02\/uk-2.png\" alt=\"English flag\" class=\"wp-image-9305\" style=\"object-fit:cover;width:40px;height:20px\" srcset=\"https:\/\/mlim14dgkyzt.i.optimole.com\/cb:Wkot.3b052\/w:200\/h:133\/q:mauto\/f:best\/https:\/\/zenonreve.com\/wp-content\/uploads\/2026\/02\/uk-2.png 200w, https:\/\/mlim14dgkyzt.i.optimole.com\/cb:Wkot.3b052\/w:96\/h:64\/q:mauto\/f:best\/https:\/\/zenonreve.com\/wp-content\/uploads\/2026\/02\/uk-2.png 96w, https:\/\/mlim14dgkyzt.i.optimole.com\/cb:Wkot.3b052\/w:192\/h:128\/q:mauto\/f:best\/https:\/\/zenonreve.com\/wp-content\/uploads\/2026\/02\/uk-2.png 192w, https:\/\/mlim14dgkyzt.i.optimole.com\/cb:Wkot.3b052\/w:200\/h:133\/q:mauto\/f:best\/dpr:2\/https:\/\/zenonreve.com\/wp-content\/uploads\/2026\/02\/uk-2.png 2x\" sizes=\"(max-width: 200px) 100vw, 200px\" \/><\/a><\/figure>\n<\/div><\/div>\n<\/div>\n\n\n\n<h2 class=\"wp-block-heading has-neve-link-color-color has-text-color has-link-color wp-elements-87d97956c2158dfc5c41f6f040f3abaa\" style=\"font-size:14px\">Nouvelles pulsions indiennes, \u00e9vasion musicale au c\u0153ur de l&rsquo;Inde. Depuis les temps les plus anciens, la musique a toujours eu en Inde une double vocation\u00a0: l&rsquo;une destin\u00e9e au temple et aux dieux, l&rsquo;autre r\u00e9serv\u00e9e au divertissement et aux d\u00e9mons.<\/h2>\n\n\n\n<div class=\"wp-block-columns is-layout-flex wp-container-core-columns-is-layout-9d6595d7 wp-block-columns-is-layout-flex\">\n<div class=\"wp-block-column is-layout-flow wp-block-column-is-layout-flow\">\n<figure class=\"wp-block-image size-full\"><a href=\"https:\/\/zenonreve.com\/index.php\/nouvelles-pulsions-indiennes\/\"><img data-opt-id=1033011387  decoding=\"async\" width=\"600\" height=\"374\" src=\"https:\/\/mlim14dgkyzt.i.optimole.com\/cb:Wkot.3b052\/w:auto\/h:auto\/q:mauto\/f:best\/https:\/\/zenonreve.com\/wp-content\/uploads\/2026\/02\/POCHETTE-ROND-SORTI-NEW-INDIANS-PULSION-FR-600x384px.png\" alt=\"Nouvelles pulsions indiennes\" class=\"wp-image-9241\" style=\"object-fit:cover\" srcset=\"https:\/\/mlim14dgkyzt.i.optimole.com\/cb:Wkot.3b052\/w:600\/h:374\/q:mauto\/f:best\/https:\/\/zenonreve.com\/wp-content\/uploads\/2026\/02\/POCHETTE-ROND-SORTI-NEW-INDIANS-PULSION-FR-600x384px.png 600w, https:\/\/mlim14dgkyzt.i.optimole.com\/cb:Wkot.3b052\/w:100\/h:62\/q:mauto\/f:best\/https:\/\/zenonreve.com\/wp-content\/uploads\/2026\/02\/POCHETTE-ROND-SORTI-NEW-INDIANS-PULSION-FR-600x384px.png 100w, https:\/\/mlim14dgkyzt.i.optimole.com\/cb:Wkot.3b052\/w:200\/h:125\/q:mauto\/f:best\/https:\/\/zenonreve.com\/wp-content\/uploads\/2026\/02\/POCHETTE-ROND-SORTI-NEW-INDIANS-PULSION-FR-600x384px.png 200w, https:\/\/mlim14dgkyzt.i.optimole.com\/cb:Wkot.3b052\/w:600\/h:374\/q:mauto\/f:best\/dpr:2\/https:\/\/zenonreve.com\/wp-content\/uploads\/2026\/02\/POCHETTE-ROND-SORTI-NEW-INDIANS-PULSION-FR-600x384px.png 2x\" sizes=\"(max-width: 600px) 100vw, 600px\" \/><\/a><figcaption class=\"wp-element-caption\"><em><em><em>Nouvelles pulsions indiennes&nbsp;\u2013 Cr\u00e9dit photo : Krishna Adhikary<\/em><\/em><\/em><\/figcaption><\/figure>\n<\/div>\n\n\n\n<div class=\"wp-block-column is-layout-flow wp-block-column-is-layout-flow\"><div class=\"wp-block-image\">\n<figure class=\"aligncenter size-full is-resized\"><img data-opt-id=19903192  decoding=\"async\" width=\"1200\" height=\"444\" src=\"https:\/\/mlim14dgkyzt.i.optimole.com\/cb:Wkot.3b052\/w:auto\/h:auto\/q:mauto\/f:best\/https:\/\/zenonreve.com\/wp-content\/uploads\/2026\/02\/I1-Nouvelles-pulsions-indiennes.jpg\" alt=\"\" class=\"wp-image-9257\" style=\"width:450px;height:undefinedpx\" srcset=\"https:\/\/mlim14dgkyzt.i.optimole.com\/cb:Wkot.3b052\/w:1200\/h:444\/q:mauto\/f:best\/https:\/\/zenonreve.com\/wp-content\/uploads\/2026\/02\/I1-Nouvelles-pulsions-indiennes.jpg 1200w, https:\/\/mlim14dgkyzt.i.optimole.com\/cb:Wkot.3b052\/w:100\/h:37\/q:mauto\/f:best\/https:\/\/zenonreve.com\/wp-content\/uploads\/2026\/02\/I1-Nouvelles-pulsions-indiennes.jpg 100w, https:\/\/mlim14dgkyzt.i.optimole.com\/cb:Wkot.3b052\/w:200\/h:74\/q:mauto\/f:best\/https:\/\/zenonreve.com\/wp-content\/uploads\/2026\/02\/I1-Nouvelles-pulsions-indiennes.jpg 200w, https:\/\/mlim14dgkyzt.i.optimole.com\/cb:Wkot.3b052\/w:768\/h:284\/q:mauto\/f:best\/https:\/\/zenonreve.com\/wp-content\/uploads\/2026\/02\/I1-Nouvelles-pulsions-indiennes.jpg 768w, https:\/\/mlim14dgkyzt.i.optimole.com\/cb:Wkot.3b052\/w:1200\/h:444\/q:mauto\/f:best\/dpr:2\/https:\/\/zenonreve.com\/wp-content\/uploads\/2026\/02\/I1-Nouvelles-pulsions-indiennes.jpg 2x\" sizes=\"(max-width: 1200px) 100vw, 1200px\" \/><figcaption class=\"wp-element-caption\"><em>Cliquer pour \u00e9couter<\/em><\/figcaption><\/figure>\n<\/div>\n\n\n<figure class=\"wp-block-audio\"><audio controls src=\"https:\/\/zenonreve.com\/wp-content\/uploads\/2026\/02\/extrait-NEW-INDIAN-PULSIONS.mp3\"><\/audio><\/figure>\n<\/div>\n<\/div>\n\n\n\n<figure class=\"wp-block-image size-full is-resized\"><a href=\"https:\/\/music.amazon.com\/albums\/B0CY9M38JB\" target=\"_blank\" rel=\"noreferrer noopener\"><img data-opt-id=1467835102  decoding=\"async\" width=\"1810\" height=\"505\" src=\"https:\/\/mlim14dgkyzt.i.optimole.com\/cb:Wkot.3b052\/w:auto\/h:auto\/q:mauto\/f:best\/https:\/\/zenonreve.com\/wp-content\/uploads\/2026\/02\/2-amazon-music-play.jpg\" alt=\"\" class=\"wp-image-9274\" style=\"width:175px\" srcset=\"https:\/\/mlim14dgkyzt.i.optimole.com\/cb:Wkot.3b052\/w:1810\/h:505\/q:mauto\/f:best\/https:\/\/zenonreve.com\/wp-content\/uploads\/2026\/02\/2-amazon-music-play.jpg 1810w, https:\/\/mlim14dgkyzt.i.optimole.com\/cb:Wkot.3b052\/w:100\/h:28\/q:mauto\/f:best\/https:\/\/zenonreve.com\/wp-content\/uploads\/2026\/02\/2-amazon-music-play.jpg 100w, https:\/\/mlim14dgkyzt.i.optimole.com\/cb:Wkot.3b052\/w:200\/h:56\/q:mauto\/f:best\/https:\/\/zenonreve.com\/wp-content\/uploads\/2026\/02\/2-amazon-music-play.jpg 200w, https:\/\/mlim14dgkyzt.i.optimole.com\/cb:Wkot.3b052\/w:768\/h:214\/q:mauto\/f:best\/https:\/\/zenonreve.com\/wp-content\/uploads\/2026\/02\/2-amazon-music-play.jpg 768w, https:\/\/mlim14dgkyzt.i.optimole.com\/cb:Wkot.3b052\/w:1536\/h:429\/q:mauto\/f:best\/https:\/\/zenonreve.com\/wp-content\/uploads\/2026\/02\/2-amazon-music-play.jpg 1536w, https:\/\/mlim14dgkyzt.i.optimole.com\/cb:Wkot.3b052\/w:1810\/h:505\/q:mauto\/f:best\/dpr:2\/https:\/\/zenonreve.com\/wp-content\/uploads\/2026\/02\/2-amazon-music-play.jpg 2x\" sizes=\"(max-width: 1200px) 100vw, 1200px\" \/><\/a><\/figure>\n\n\n\n<figure class=\"wp-block-image size-full is-resized\"><a href=\"https:\/\/www.deezer.com\/fr\/album\/561422552\" target=\"_blank\" rel=\"noreferrer noopener\"><img data-opt-id=966801329  decoding=\"async\" width=\"1810\" height=\"505\" src=\"https:\/\/mlim14dgkyzt.i.optimole.com\/cb:Wkot.3b052\/w:auto\/h:auto\/q:mauto\/f:best\/https:\/\/zenonreve.com\/wp-content\/uploads\/2026\/02\/3-deezer-play.jpg\" alt=\"\" class=\"wp-image-9273\" style=\"width:175px\" srcset=\"https:\/\/mlim14dgkyzt.i.optimole.com\/cb:Wkot.3b052\/w:1810\/h:505\/q:mauto\/f:best\/https:\/\/zenonreve.com\/wp-content\/uploads\/2026\/02\/3-deezer-play.jpg 1810w, https:\/\/mlim14dgkyzt.i.optimole.com\/cb:Wkot.3b052\/w:100\/h:28\/q:mauto\/f:best\/https:\/\/zenonreve.com\/wp-content\/uploads\/2026\/02\/3-deezer-play.jpg 100w, https:\/\/mlim14dgkyzt.i.optimole.com\/cb:Wkot.3b052\/w:200\/h:56\/q:mauto\/f:best\/https:\/\/zenonreve.com\/wp-content\/uploads\/2026\/02\/3-deezer-play.jpg 200w, https:\/\/mlim14dgkyzt.i.optimole.com\/cb:Wkot.3b052\/w:768\/h:214\/q:mauto\/f:best\/https:\/\/zenonreve.com\/wp-content\/uploads\/2026\/02\/3-deezer-play.jpg 768w, https:\/\/mlim14dgkyzt.i.optimole.com\/cb:Wkot.3b052\/w:1536\/h:429\/q:mauto\/f:best\/https:\/\/zenonreve.com\/wp-content\/uploads\/2026\/02\/3-deezer-play.jpg 1536w, https:\/\/mlim14dgkyzt.i.optimole.com\/cb:Wkot.3b052\/w:1810\/h:505\/q:mauto\/f:best\/dpr:2\/https:\/\/zenonreve.com\/wp-content\/uploads\/2026\/02\/3-deezer-play.jpg 2x\" sizes=\"(max-width: 1200px) 100vw, 1200px\" \/><\/a><\/figure>\n\n\n\n<figure class=\"wp-block-image size-full is-resized\"><a href=\"https:\/\/music.apple.com\/us\/album\/new-indian-pulsions-single\/1736379810\" target=\"_blank\" rel=\"noreferrer noopener\"><img data-opt-id=217895946  decoding=\"async\" width=\"1810\" height=\"505\" src=\"https:\/\/mlim14dgkyzt.i.optimole.com\/cb:Wkot.3b052\/w:auto\/h:auto\/q:mauto\/f:best\/https:\/\/zenonreve.com\/wp-content\/uploads\/2026\/02\/apple-music-play.jpg\" alt=\"\" class=\"wp-image-8665\" style=\"width:175px\" srcset=\"https:\/\/mlim14dgkyzt.i.optimole.com\/cb:Wkot.3b052\/w:1810\/h:505\/q:mauto\/f:best\/https:\/\/zenonreve.com\/wp-content\/uploads\/2026\/02\/apple-music-play.jpg 1810w, https:\/\/mlim14dgkyzt.i.optimole.com\/cb:Wkot.3b052\/w:100\/h:28\/q:mauto\/f:best\/https:\/\/zenonreve.com\/wp-content\/uploads\/2026\/02\/apple-music-play.jpg 100w, https:\/\/mlim14dgkyzt.i.optimole.com\/cb:Wkot.3b052\/w:200\/h:56\/q:mauto\/f:best\/https:\/\/zenonreve.com\/wp-content\/uploads\/2026\/02\/apple-music-play.jpg 200w, https:\/\/mlim14dgkyzt.i.optimole.com\/cb:Wkot.3b052\/w:768\/h:214\/q:mauto\/f:best\/https:\/\/zenonreve.com\/wp-content\/uploads\/2026\/02\/apple-music-play.jpg 768w, https:\/\/mlim14dgkyzt.i.optimole.com\/cb:Wkot.3b052\/w:1536\/h:429\/q:mauto\/f:best\/https:\/\/zenonreve.com\/wp-content\/uploads\/2026\/02\/apple-music-play.jpg 1536w, https:\/\/mlim14dgkyzt.i.optimole.com\/cb:Wkot.3b052\/w:1810\/h:505\/q:mauto\/f:best\/dpr:2\/https:\/\/zenonreve.com\/wp-content\/uploads\/2026\/02\/apple-music-play.jpg 2x\" sizes=\"(max-width: 1200px) 100vw, 1200px\" \/><\/a><\/figure>\n\n\n\n<figure class=\"wp-block-image size-full is-resized\"><a href=\"https:\/\/open.spotify.com\/intl-fr\/track\/2Qi0NkkLy2KmT10o3KXwUQ\" target=\"_blank\" rel=\"noreferrer noopener\"><img data-opt-id=1542885387  decoding=\"async\" width=\"1810\" height=\"505\" src=\"https:\/\/mlim14dgkyzt.i.optimole.com\/cb:Wkot.3b052\/w:auto\/h:auto\/q:mauto\/f:best\/https:\/\/zenonreve.com\/wp-content\/uploads\/2026\/02\/5-spotofy-play.jpg\" alt=\"\" class=\"wp-image-9271\" style=\"width:175px\" srcset=\"https:\/\/mlim14dgkyzt.i.optimole.com\/cb:Wkot.3b052\/w:1810\/h:505\/q:mauto\/f:best\/https:\/\/zenonreve.com\/wp-content\/uploads\/2026\/02\/5-spotofy-play.jpg 1810w, https:\/\/mlim14dgkyzt.i.optimole.com\/cb:Wkot.3b052\/w:100\/h:28\/q:mauto\/f:best\/https:\/\/zenonreve.com\/wp-content\/uploads\/2026\/02\/5-spotofy-play.jpg 100w, https:\/\/mlim14dgkyzt.i.optimole.com\/cb:Wkot.3b052\/w:200\/h:56\/q:mauto\/f:best\/https:\/\/zenonreve.com\/wp-content\/uploads\/2026\/02\/5-spotofy-play.jpg 200w, https:\/\/mlim14dgkyzt.i.optimole.com\/cb:Wkot.3b052\/w:768\/h:214\/q:mauto\/f:best\/https:\/\/zenonreve.com\/wp-content\/uploads\/2026\/02\/5-spotofy-play.jpg 768w, https:\/\/mlim14dgkyzt.i.optimole.com\/cb:Wkot.3b052\/w:1536\/h:429\/q:mauto\/f:best\/https:\/\/zenonreve.com\/wp-content\/uploads\/2026\/02\/5-spotofy-play.jpg 1536w, https:\/\/mlim14dgkyzt.i.optimole.com\/cb:Wkot.3b052\/w:1810\/h:505\/q:mauto\/f:best\/dpr:2\/https:\/\/zenonreve.com\/wp-content\/uploads\/2026\/02\/5-spotofy-play.jpg 2x\" sizes=\"(max-width: 1200px) 100vw, 1200px\" \/><\/a><\/figure>\n","protected":false},"excerpt":{"rendered":"<p>Nouvelles pulsions indiennes, \u00e9vasion musicale au c\u0153ur de l&rsquo;Inde. Depuis les temps les plus anciens, la musique a toujours eu en Inde une double vocation\u00a0: l&rsquo;une destin\u00e9e au temple et aux dieux, l&rsquo;autre r\u00e9serv\u00e9e au divertissement et aux d\u00e9mons.<\/p>\n","protected":false},"author":1,"featured_media":0,"parent":0,"menu_order":0,"comment_status":"closed","ping_status":"closed","template":"","meta":{"neve_meta_sidebar":"","neve_meta_container":"","neve_meta_enable_content_width":"","neve_meta_content_width":0,"neve_meta_title_alignment":"","neve_meta_author_avatar":"","neve_post_elements_order":"","neve_meta_disable_header":"","neve_meta_disable_footer":"","neve_meta_disable_title":"","footnotes":""},"class_list":["post-6704","page","type-page","status-publish","hentry"],"yoast_head":"<!-- This site is optimized with the Yoast SEO plugin v27.3 - https:\/\/yoast.com\/product\/yoast-seo-wordpress\/ -->\n<title>Nouvelles pulsions indiennes - zenonreve.com<\/title>\n<meta name=\"description\" content=\"Nouvelles pulsions indiennes, \u00e9vasion musicale au c\u0153ur de l&#039;Inde. Depuis les temps les plus anciens, la musique a toujours eu en Inde une double vocation\u00a0: l&#039;une destin\u00e9e au temple et aux dieux, l&#039;autre r\u00e9serv\u00e9e au divertissement et aux d\u00e9mons.\" \/>\n<meta name=\"robots\" content=\"index, follow, max-snippet:-1, max-image-preview:large, max-video-preview:-1\" \/>\n<link rel=\"canonical\" href=\"https:\/\/zenonreve.com\/index.php\/nouvelles-pulsions-indiennes\/\" \/>\n<meta property=\"og:locale\" content=\"fr_FR\" \/>\n<meta property=\"og:type\" content=\"article\" \/>\n<meta property=\"og:title\" content=\"Nouvelles pulsions indiennes - zenonreve.com\" \/>\n<meta property=\"og:description\" content=\"Nouvelles pulsions indiennes, \u00e9vasion musicale au c\u0153ur de l&#039;Inde. Depuis les temps les plus anciens, la musique a toujours eu en Inde une double vocation\u00a0: l&#039;une destin\u00e9e au temple et aux dieux, l&#039;autre r\u00e9serv\u00e9e au divertissement et aux d\u00e9mons.\" \/>\n<meta property=\"og:url\" content=\"https:\/\/zenonreve.com\/index.php\/nouvelles-pulsions-indiennes\/\" \/>\n<meta property=\"og:site_name\" content=\"zenonreve.com\" \/>\n<meta property=\"article:modified_time\" content=\"2026-03-29T11:39:28+00:00\" \/>\n<meta property=\"og:image\" content=\"https:\/\/mlim14dgkyzt.i.optimole.com\/cb:Wkot.3b052\/w:auto\/h:auto\/q:mauto\/f:best\/https:\/\/zenonreve.com\/wp-content\/uploads\/2026\/02\/fr-2.png\" \/>\n\t<meta property=\"og:image:width\" content=\"200\" \/>\n\t<meta property=\"og:image:height\" content=\"133\" \/>\n\t<meta property=\"og:image:type\" content=\"image\/png\" \/>\n<meta name=\"twitter:card\" content=\"summary_large_image\" \/>\n<meta name=\"twitter:label1\" content=\"Dur\u00e9e de lecture estim\u00e9e\" \/>\n\t<meta name=\"twitter:data1\" content=\"3 minutes\" \/>\n<script type=\"application\/ld+json\" class=\"yoast-schema-graph\">{\"@context\":\"https:\\\/\\\/schema.org\",\"@graph\":[{\"@type\":\"WebPage\",\"@id\":\"https:\\\/\\\/zenonreve.com\\\/index.php\\\/nouvelles-pulsions-indiennes\\\/\",\"url\":\"https:\\\/\\\/zenonreve.com\\\/index.php\\\/nouvelles-pulsions-indiennes\\\/\",\"name\":\"Nouvelles pulsions indiennes - zenonreve.com\",\"isPartOf\":{\"@id\":\"https:\\\/\\\/zenonreve.com\\\/#website\"},\"primaryImageOfPage\":{\"@id\":\"https:\\\/\\\/zenonreve.com\\\/index.php\\\/nouvelles-pulsions-indiennes\\\/#primaryimage\"},\"image\":{\"@id\":\"https:\\\/\\\/zenonreve.com\\\/index.php\\\/nouvelles-pulsions-indiennes\\\/#primaryimage\"},\"thumbnailUrl\":\"https:\\/\\/zenonreve.com\\/wp-content\\/uploads\\/2026\\/02\\/fr-2.png\",\"datePublished\":\"2024-03-16T15:57:45+00:00\",\"dateModified\":\"2026-03-29T11:39:28+00:00\",\"description\":\"Nouvelles pulsions indiennes, \u00e9vasion musicale au c\u0153ur de l'Inde. Depuis les temps les plus anciens, la musique a toujours eu en Inde une double vocation\u00a0: l'une destin\u00e9e au temple et aux dieux, l'autre r\u00e9serv\u00e9e au divertissement et aux d\u00e9mons.\",\"breadcrumb\":{\"@id\":\"https:\\\/\\\/zenonreve.com\\\/index.php\\\/nouvelles-pulsions-indiennes\\\/#breadcrumb\"},\"inLanguage\":\"fr-FR\",\"potentialAction\":[{\"@type\":\"ReadAction\",\"target\":[\"https:\\\/\\\/zenonreve.com\\\/index.php\\\/nouvelles-pulsions-indiennes\\\/\"]}]},{\"@type\":\"ImageObject\",\"inLanguage\":\"fr-FR\",\"@id\":\"https:\\\/\\\/zenonreve.com\\\/index.php\\\/nouvelles-pulsions-indiennes\\\/#primaryimage\",\"url\":\"https:\\/\\/zenonreve.com\\/wp-content\\/uploads\\/2026\\/02\\/fr-2.png\",\"contentUrl\":\"https:\\/\\/zenonreve.com\\/wp-content\\/uploads\\/2026\\/02\\/fr-2.png\",\"width\":200,\"height\":133},{\"@type\":\"BreadcrumbList\",\"@id\":\"https:\\\/\\\/zenonreve.com\\\/index.php\\\/nouvelles-pulsions-indiennes\\\/#breadcrumb\",\"itemListElement\":[{\"@type\":\"ListItem\",\"position\":1,\"name\":\"Accueil\",\"item\":\"https:\\\/\\\/zenonreve.com\\\/\"},{\"@type\":\"ListItem\",\"position\":2,\"name\":\"Nouvelles pulsions indiennes\"}]},{\"@type\":\"WebSite\",\"@id\":\"https:\\\/\\\/zenonreve.com\\\/#website\",\"url\":\"https:\\\/\\\/zenonreve.com\\\/\",\"name\":\"zenonreve.com\",\"description\":\"Collection de musiques pour tous les \u00e2ges\",\"publisher\":{\"@id\":\"https:\\\/\\\/zenonreve.com\\\/#\\\/schema\\\/person\\\/c80c82da30fc395d5f2af65d0de6b9c1\"},\"potentialAction\":[{\"@type\":\"SearchAction\",\"target\":{\"@type\":\"EntryPoint\",\"urlTemplate\":\"https:\\\/\\\/zenonreve.com\\\/?s={search_term_string}\"},\"query-input\":{\"@type\":\"PropertyValueSpecification\",\"valueRequired\":true,\"valueName\":\"search_term_string\"}}],\"inLanguage\":\"fr-FR\"},{\"@type\":[\"Person\",\"Organization\"],\"@id\":\"https:\\\/\\\/zenonreve.com\\\/#\\\/schema\\\/person\\\/c80c82da30fc395d5f2af65d0de6b9c1\",\"name\":\"dombouvier\",\"image\":{\"@type\":\"ImageObject\",\"inLanguage\":\"fr-FR\",\"@id\":\"https:\\/\\/zenonreve.com\\/wp-content\\/uploads\\/2026\\/03\\/zenonreve-APPLI-512x512px.png\",\"url\":\"https:\\/\\/zenonreve.com\\/wp-content\\/uploads\\/2026\\/03\\/zenonreve-APPLI-512x512px.png\",\"contentUrl\":\"https:\\/\\/zenonreve.com\\/wp-content\\/uploads\\/2026\\/03\\/zenonreve-APPLI-512x512px.png\",\"width\":512,\"height\":512,\"caption\":\"dombouvier\"},\"logo\":{\"@id\":\"https:\\/\\/zenonreve.com\\/wp-content\\/uploads\\/2026\\/03\\/zenonreve-APPLI-512x512px.png\"},\"sameAs\":[\"https:\\\/\\\/zenonreve.com\"]}]}<\/script>\n<!-- \/ Yoast SEO plugin. -->","yoast_head_json":{"title":"Nouvelles pulsions indiennes - zenonreve.com","description":"Nouvelles pulsions indiennes, \u00e9vasion musicale au c\u0153ur de l'Inde. Depuis les temps les plus anciens, la musique a toujours eu en Inde une double vocation\u00a0: l'une destin\u00e9e au temple et aux dieux, l'autre r\u00e9serv\u00e9e au divertissement et aux d\u00e9mons.","robots":{"index":"index","follow":"follow","max-snippet":"max-snippet:-1","max-image-preview":"max-image-preview:large","max-video-preview":"max-video-preview:-1"},"canonical":"https:\/\/zenonreve.com\/index.php\/nouvelles-pulsions-indiennes\/","og_locale":"fr_FR","og_type":"article","og_title":"Nouvelles pulsions indiennes - zenonreve.com","og_description":"Nouvelles pulsions indiennes, \u00e9vasion musicale au c\u0153ur de l'Inde. Depuis les temps les plus anciens, la musique a toujours eu en Inde une double vocation\u00a0: l'une destin\u00e9e au temple et aux dieux, l'autre r\u00e9serv\u00e9e au divertissement et aux d\u00e9mons.","og_url":"https:\/\/zenonreve.com\/index.php\/nouvelles-pulsions-indiennes\/","og_site_name":"zenonreve.com","article_modified_time":"2026-03-29T11:39:28+00:00","og_image":[{"width":200,"height":133,"url":"https:\/\/mlim14dgkyzt.i.optimole.com\/cb:Wkot.3b052\/w:auto\/h:auto\/q:mauto\/f:best\/https:\/\/zenonreve.com\/wp-content\/uploads\/2026\/02\/fr-2.png","type":"image\/png"}],"twitter_card":"summary_large_image","twitter_misc":{"Dur\u00e9e de lecture estim\u00e9e":"3 minutes"},"schema":{"@context":"https:\/\/schema.org","@graph":[{"@type":"WebPage","@id":"https:\/\/zenonreve.com\/index.php\/nouvelles-pulsions-indiennes\/","url":"https:\/\/zenonreve.com\/index.php\/nouvelles-pulsions-indiennes\/","name":"Nouvelles pulsions indiennes - zenonreve.com","isPartOf":{"@id":"https:\/\/zenonreve.com\/#website"},"primaryImageOfPage":{"@id":"https:\/\/zenonreve.com\/index.php\/nouvelles-pulsions-indiennes\/#primaryimage"},"image":{"@id":"https:\/\/zenonreve.com\/index.php\/nouvelles-pulsions-indiennes\/#primaryimage"},"thumbnailUrl":"https:\/\/mlim14dgkyzt.i.optimole.com\/cb:Wkot.3b052\/w:auto\/h:auto\/q:mauto\/f:best\/https:\/\/zenonreve.com\/wp-content\/uploads\/2026\/02\/fr-2.png","datePublished":"2024-03-16T15:57:45+00:00","dateModified":"2026-03-29T11:39:28+00:00","description":"Nouvelles pulsions indiennes, \u00e9vasion musicale au c\u0153ur de l'Inde. Depuis les temps les plus anciens, la musique a toujours eu en Inde une double vocation\u00a0: l'une destin\u00e9e au temple et aux dieux, l'autre r\u00e9serv\u00e9e au divertissement et aux d\u00e9mons.","breadcrumb":{"@id":"https:\/\/zenonreve.com\/index.php\/nouvelles-pulsions-indiennes\/#breadcrumb"},"inLanguage":"fr-FR","potentialAction":[{"@type":"ReadAction","target":["https:\/\/zenonreve.com\/index.php\/nouvelles-pulsions-indiennes\/"]}]},{"@type":"ImageObject","inLanguage":"fr-FR","@id":"https:\/\/zenonreve.com\/index.php\/nouvelles-pulsions-indiennes\/#primaryimage","url":"https:\/\/mlim14dgkyzt.i.optimole.com\/cb:Wkot.3b052\/w:auto\/h:auto\/q:mauto\/f:best\/https:\/\/zenonreve.com\/wp-content\/uploads\/2026\/02\/fr-2.png","contentUrl":"https:\/\/mlim14dgkyzt.i.optimole.com\/cb:Wkot.3b052\/w:auto\/h:auto\/q:mauto\/f:best\/https:\/\/zenonreve.com\/wp-content\/uploads\/2026\/02\/fr-2.png","width":200,"height":133},{"@type":"BreadcrumbList","@id":"https:\/\/zenonreve.com\/index.php\/nouvelles-pulsions-indiennes\/#breadcrumb","itemListElement":[{"@type":"ListItem","position":1,"name":"Accueil","item":"https:\/\/zenonreve.com\/"},{"@type":"ListItem","position":2,"name":"Nouvelles pulsions indiennes"}]},{"@type":"WebSite","@id":"https:\/\/zenonreve.com\/#website","url":"https:\/\/zenonreve.com\/","name":"zenonreve.com","description":"Collection de musiques pour tous les \u00e2ges","publisher":{"@id":"https:\/\/zenonreve.com\/#\/schema\/person\/c80c82da30fc395d5f2af65d0de6b9c1"},"potentialAction":[{"@type":"SearchAction","target":{"@type":"EntryPoint","urlTemplate":"https:\/\/zenonreve.com\/?s={search_term_string}"},"query-input":{"@type":"PropertyValueSpecification","valueRequired":true,"valueName":"search_term_string"}}],"inLanguage":"fr-FR"},{"@type":["Person","Organization"],"@id":"https:\/\/zenonreve.com\/#\/schema\/person\/c80c82da30fc395d5f2af65d0de6b9c1","name":"dombouvier","image":{"@type":"ImageObject","inLanguage":"fr-FR","@id":"https:\/\/mlim14dgkyzt.i.optimole.com\/cb:Wkot.3b052\/w:auto\/h:auto\/q:mauto\/f:best\/https:\/\/zenonreve.com\/wp-content\/uploads\/2026\/03\/zenonreve-APPLI-512x512px.png","url":"https:\/\/mlim14dgkyzt.i.optimole.com\/cb:Wkot.3b052\/w:auto\/h:auto\/q:mauto\/f:best\/https:\/\/zenonreve.com\/wp-content\/uploads\/2026\/03\/zenonreve-APPLI-512x512px.png","contentUrl":"https:\/\/mlim14dgkyzt.i.optimole.com\/cb:Wkot.3b052\/w:auto\/h:auto\/q:mauto\/f:best\/https:\/\/zenonreve.com\/wp-content\/uploads\/2026\/03\/zenonreve-APPLI-512x512px.png","width":512,"height":512,"caption":"dombouvier"},"logo":{"@id":"https:\/\/mlim14dgkyzt.i.optimole.com\/cb:Wkot.3b052\/w:auto\/h:auto\/q:mauto\/f:best\/https:\/\/zenonreve.com\/wp-content\/uploads\/2026\/03\/zenonreve-APPLI-512x512px.png"},"sameAs":["https:\/\/zenonreve.com"]}]}},"_links":{"self":[{"href":"https:\/\/zenonreve.com\/index.php\/wp-json\/wp\/v2\/pages\/6704","targetHints":{"allow":["GET"]}}],"collection":[{"href":"https:\/\/zenonreve.com\/index.php\/wp-json\/wp\/v2\/pages"}],"about":[{"href":"https:\/\/zenonreve.com\/index.php\/wp-json\/wp\/v2\/types\/page"}],"author":[{"embeddable":true,"href":"https:\/\/zenonreve.com\/index.php\/wp-json\/wp\/v2\/users\/1"}],"replies":[{"embeddable":true,"href":"https:\/\/zenonreve.com\/index.php\/wp-json\/wp\/v2\/comments?post=6704"}],"version-history":[{"count":34,"href":"https:\/\/zenonreve.com\/index.php\/wp-json\/wp\/v2\/pages\/6704\/revisions"}],"predecessor-version":[{"id":10501,"href":"https:\/\/zenonreve.com\/index.php\/wp-json\/wp\/v2\/pages\/6704\/revisions\/10501"}],"wp:attachment":[{"href":"https:\/\/zenonreve.com\/index.php\/wp-json\/wp\/v2\/media?parent=6704"}],"curies":[{"name":"wp","href":"https:\/\/api.w.org\/{rel}","templated":true}]}}